{"id":221,"date":"2012-09-24T16:03:04","date_gmt":"2012-09-24T16:03:04","guid":{"rendered":"http:\/\/demo.studiopress.com\/executive-two\/?page_id=221"},"modified":"2015-01-20T15:09:44","modified_gmt":"2015-01-20T13:09:44","slug":"consulting","status":"publish","type":"page","link":"http:\/\/www.buntes-puppenkarussell.at\/?page_id=221","title":{"rendered":"Die Figuren"},"content":{"rendered":"<p><a href=\"http:\/\/www.buntes-puppenkarussell.at\/wp-content\/uploads\/2014\/12\/slider_1.jpg\"><img decoding=\"async\" loading=\"lazy\" class=\"alignnone wp-image-582 size-full\" src=\"http:\/\/www.buntes-puppenkarussell.at\/wp-content\/uploads\/2014\/12\/slider_1.jpg\" alt=\"slider_1\" width=\"1140\" height=\"445\" srcset=\"http:\/\/www.buntes-puppenkarussell.at\/wp-content\/uploads\/2014\/12\/slider_1.jpg 1140w, http:\/\/www.buntes-puppenkarussell.at\/wp-content\/uploads\/2014\/12\/slider_1-300x117.jpg 300w, http:\/\/www.buntes-puppenkarussell.at\/wp-content\/uploads\/2014\/12\/slider_1-1024x399.jpg 1024w\" sizes=\"(max-width: 1140px) 100vw, 1140px\" \/><\/a><\/p>\n<p>Neben den traditionellen Puppen, wie den Kasper, die Prinzessin und den Zauberer habe ich auch ganz exklusive, handgefertigte Einzelst\u00fccke wie die Sonnenfee, die lila Kuh oder die Vogelscheuche in meinem Repertoire. Insgesamt beherberge ich mittlerweile 60 verschiedene Handpuppen und jede hat einen ganz eigenen Charakter.<\/p>\n<p>Die Puppen werden in m\u00fchsamer und liebevoller Handarbeit gefertigt. Es dauert, bis der Holzschnitzer aus einem St\u00fcck Holz das schellmische Lachen des Kasperl zaubert. In stundenlanger Arbeit bekommt dieser nicht nur sein typisches Lachen, sondern auch die abenteuerlustigen Augen, die wachsamen Ohren und der Schelm steht im zum Schluss ins Gesicht geschrieben. Ebenso m\u00f6chte der junge Mann dann auch adrett gekleidet sein, wenn er die Prinzessin trifft oder R\u00e4uber in die Flucht schl\u00e4gt. Nach und nach entsteht so aus lebendigen Materialien eine Puppe mit Charakter, Scharm und Leben.<\/p>\n","protected":false},"excerpt":{"rendered":"<p>Neben den traditionellen Puppen, wie den Kasper, die Prinzessin und den Zauberer habe ich auch ganz exklusive, handgefertigte Einzelst\u00fccke wie die Sonnenfee, die lila Kuh oder die Vogelscheuche in meinem Repertoire. Insgesamt beherberge ich mittlerweile 60 verschiedene Handpuppen und jede hat einen ganz eigenen Charakter. Die Puppen werden in m\u00fchsamer und liebevoller Handarbeit gefertigt. Es [&hellip;]<\/p>\n","protected":false},"author":1,"featured_media":0,"parent":2,"menu_order":0,"comment_status":"open","ping_status":"closed","template":"","meta":{"_genesis_hide_title":false,"_genesis_hide_breadcrumbs":false,"_genesis_hide_singular_image":false,"_genesis_hide_footer_widgets":false,"_genesis_custom_body_class":"","_genesis_custom_post_class":"","_genesis_layout":""},"_links":{"self":[{"href":"http:\/\/www.buntes-puppenkarussell.at\/index.php?rest_route=\/wp\/v2\/pages\/221"}],"collection":[{"href":"http:\/\/www.buntes-puppenkarussell.at\/index.php?rest_route=\/wp\/v2\/pages"}],"about":[{"href":"http:\/\/www.buntes-puppenkarussell.at\/index.php?rest_route=\/wp\/v2\/types\/page"}],"author":[{"embeddable":true,"href":"http:\/\/www.buntes-puppenkarussell.at\/index.php?rest_route=\/wp\/v2\/users\/1"}],"replies":[{"embeddable":true,"href":"http:\/\/www.buntes-puppenkarussell.at\/index.php?rest_route=%2Fwp%2Fv2%2Fcomments&post=221"}],"version-history":[{"count":6,"href":"http:\/\/www.buntes-puppenkarussell.at\/index.php?rest_route=\/wp\/v2\/pages\/221\/revisions"}],"predecessor-version":[{"id":649,"href":"http:\/\/www.buntes-puppenkarussell.at\/index.php?rest_route=\/wp\/v2\/pages\/221\/revisions\/649"}],"up":[{"embeddable":true,"href":"http:\/\/www.buntes-puppenkarussell.at\/index.php?rest_route=\/wp\/v2\/pages\/2"}],"wp:attachment":[{"href":"http:\/\/www.buntes-puppenkarussell.at\/index.php?rest_route=%2Fwp%2Fv2%2Fmedia&parent=221"}],"curies":[{"name":"wp","href":"https:\/\/api.w.org\/{rel}","templated":true}]}}