{"id":227,"date":"2012-09-24T16:11:33","date_gmt":"2012-09-24T16:11:33","guid":{"rendered":"http:\/\/demo.studiopress.com\/executive-two\/?page_id=227"},"modified":"2022-06-07T10:39:02","modified_gmt":"2022-06-07T08:39:02","slug":"design","status":"publish","type":"page","link":"http:\/\/www.buntes-puppenkarussell.at\/?page_id=227","title":{"rendered":"Hintergrundinfos"},"content":{"rendered":"<p>Seit 1990 kann man mit der Puppenb\u00fchne &#8222;Buntes Puppenkarussell&#8220; in das Reich der Puppen eintauchen. Ich nehme Kinder und Erwachsene mit auf eine Reise in die Welt der Fantasie, der Farben, des Lachens, der Tr\u00e4ume, der Musik, der Bewegung und der unbegrenzten M\u00f6glichkeiten. Nach der einst\u00fcndigen Reise kehren die Zuschauer ein bisschen fr\u00f6hlicher, leichter, und unbeschwerter zur\u00fcck in den Alltag!<\/p>\n<h3>Das Spiel als &#8222;Weg&#8220;<\/h3>\n<p>Die Geschichten sind in 20-j\u00e4hriger Spielzeit &#8222;herangewachsen&#8220;, haben sich am Publikum orientiert, weiterentwickelt, ver\u00e4ndert, verbessert und bleiben lebendig.<\/p>\n<p>Ich spiele Kaspergeschichten, Fabeln und M\u00e4rchen f\u00fcr Kinder ab 3 Jahre.<\/p>\n<p>Die St\u00fccke sind erarbeitet aus langj\u00e4hriger Spielerfahrung, Fortbildungs- und Workshop Erfahrungen und dem beruflichen Kontakt zu Kindern in der Kinderkrippe und dem Kindergarten.<\/p>\n<h3>Das Theater f\u00fcr die Allerkleinsten<\/h3>\n<p>Manche unserer Besucher sind erst 2 Jahre alt. Da braucht es eine behutsame Vorgangsweise mit zarter Live-Musik, einfachen Geschichten aus dem Alltag, Geschichten f\u00fcr alle Sinne &#8211;\u00a0 ohne Zauber und bedrohliche Figuren.<br \/>\nLive-Musik im Puppentheater hat auch die Funktion, dass Kinder Instrumente in n\u00e4chster N\u00e4he erleben k\u00f6nne<em>n.<\/em><\/p>\n<p><em>Einfach Geschichten zum Anfassen,<\/em><br \/>\n<em>Geschichten zum Schmecken,<\/em><br \/>\n<em>Geschichten zum Riechen\u2026..Mit einem Wort: Theater f\u00fcr alle Sinne!<\/em><\/p>\n<p>Daraus hat sich das Theater f\u00fcr die Allerkleinsten in offener Spielweise (die Spielerin ist sichtbar!) mit elementarer Live-Musik entwickelt. Aber auch die Erwachsenen sind genauso begeistert dabei wie die Kleinen!<\/p>\n<p>Das Puppenspiel ist immer auch ein Zusammenspiel mit dem Publikum &#8211; ich stelle mich mit meiner Puppentruppe und den zeitweise anwesenden Live-Musikern auf das Publikum ein. So gibt es trotz gleichbleibendem Drehbuch immer auch spontane Zus\u00e4tze. Die Geschichten bleiben lebendig und verstauben nicht und sind jedes Mal ein klein wenig anders.<\/p>\n<p>&nbsp;<\/p>\n","protected":false},"excerpt":{"rendered":"<p>Seit 1990 kann man mit der Puppenb\u00fchne &#8222;Buntes Puppenkarussell&#8220; in das Reich der Puppen eintauchen. Ich nehme Kinder und Erwachsene mit auf eine Reise in die Welt der Fantasie, der Farben, des Lachens, der Tr\u00e4ume, der Musik, der Bewegung und der unbegrenzten M\u00f6glichkeiten. Nach der einst\u00fcndigen Reise kehren die Zuschauer ein bisschen fr\u00f6hlicher, leichter, und [&hellip;]<\/p>\n","protected":false},"author":1,"featured_media":0,"parent":2,"menu_order":0,"comment_status":"open","ping_status":"closed","template":"","meta":{"_genesis_hide_title":false,"_genesis_hide_breadcrumbs":false,"_genesis_hide_singular_image":false,"_genesis_hide_footer_widgets":false,"_genesis_custom_body_class":"","_genesis_custom_post_class":"","_genesis_layout":""},"_links":{"self":[{"href":"http:\/\/www.buntes-puppenkarussell.at\/index.php?rest_route=\/wp\/v2\/pages\/227"}],"collection":[{"href":"http:\/\/www.buntes-puppenkarussell.at\/index.php?rest_route=\/wp\/v2\/pages"}],"about":[{"href":"http:\/\/www.buntes-puppenkarussell.at\/index.php?rest_route=\/wp\/v2\/types\/page"}],"author":[{"embeddable":true,"href":"http:\/\/www.buntes-puppenkarussell.at\/index.php?rest_route=\/wp\/v2\/users\/1"}],"replies":[{"embeddable":true,"href":"http:\/\/www.buntes-puppenkarussell.at\/index.php?rest_route=%2Fwp%2Fv2%2Fcomments&post=227"}],"version-history":[{"count":10,"href":"http:\/\/www.buntes-puppenkarussell.at\/index.php?rest_route=\/wp\/v2\/pages\/227\/revisions"}],"predecessor-version":[{"id":738,"href":"http:\/\/www.buntes-puppenkarussell.at\/index.php?rest_route=\/wp\/v2\/pages\/227\/revisions\/738"}],"up":[{"embeddable":true,"href":"http:\/\/www.buntes-puppenkarussell.at\/index.php?rest_route=\/wp\/v2\/pages\/2"}],"wp:attachment":[{"href":"http:\/\/www.buntes-puppenkarussell.at\/index.php?rest_route=%2Fwp%2Fv2%2Fmedia&parent=227"}],"curies":[{"name":"wp","href":"https:\/\/api.w.org\/{rel}","templated":true}]}}