{"id":330,"date":"2012-10-08T14:45:16","date_gmt":"2012-10-08T14:45:16","guid":{"rendered":"http:\/\/demo.studiopress.com\/executive-two\/?page_id=330"},"modified":"2018-11-06T23:07:13","modified_gmt":"2018-11-06T21:07:13","slug":"environment","status":"publish","type":"page","link":"http:\/\/www.buntes-puppenkarussell.at\/?page_id=330","title":{"rendered":"technische Info"},"content":{"rendered":"<p>Hier finden Sie die technischen Hinweise f\u00fcr den Aufbau der Mobilen B\u00fchne.<\/p>\n<ul>\n<li><strong>Aufbauzeit der B\u00fchne: 1 Stunde<\/strong> (ohne Tonanlage) bzw. 1,5 Stunden (mit Tonanlage, wenn der Veranstalter keine Anlage zur Verf\u00fcgung hat)<\/li>\n<li>Verdunkelbarer Raum, Netzanschluss<\/li>\n<li><strong>Abbauzeit der B\u00fchne:<\/strong> 1 Std.<\/li>\n<li><strong>Eintreffen am Spielort:<\/strong> mindestens 90 vor Spielbeginn<\/li>\n<li><strong>Spieldauer:<\/strong> ca. 50 min.<\/li>\n<li><strong>Be- und Entladung:<\/strong> Zufahrt zum Veranstaltungsort muss m\u00f6glich sein (eventuell Genehmigungen einholen) Der Veranstalter stellt eine Hilfe f\u00fcr die Be- und Entladung der B\u00fchnenteile zur Verf\u00fcgung<\/li>\n<li><strong>Licht:<\/strong> wird mitgebracht (Bei bestehenden Lichtanlagen kann diese benutzt werden)<\/li>\n<li><strong>Ton:<\/strong> bestehende Tonanlagen des Veranstalters mit Head-set incl. Techniker k\u00f6nnen genutzt werden<\/li>\n<li><strong>B\u00fchnenraum:<\/strong> 3 x 3 m, verdunkelbar, Netzanschl\u00fcsse erforderlich<\/li>\n<li><strong>Spiel im Freien:<\/strong> Nur mit Zelt, sauberer, ebener Boden (Podest), 3 x 3 m f\u00fcr B\u00fchnenplatz, ruhige Umgebung, ruhiger Hintergrund<\/li>\n<\/ul>\n","protected":false},"excerpt":{"rendered":"<p>Hier finden Sie die technischen Hinweise f\u00fcr den Aufbau der Mobilen B\u00fchne. Aufbauzeit der B\u00fchne: 1 Stunde (ohne Tonanlage) bzw. 1,5 Stunden (mit Tonanlage, wenn der Veranstalter keine Anlage zur Verf\u00fcgung hat) Verdunkelbarer Raum, Netzanschluss Abbauzeit der B\u00fchne: 1 Std. Eintreffen am Spielort: mindestens 90 vor Spielbeginn Spieldauer: ca. 50 min. Be- und Entladung: Zufahrt [&hellip;]<\/p>\n","protected":false},"author":1,"featured_media":0,"parent":219,"menu_order":0,"comment_status":"open","ping_status":"open","template":"","meta":{"_genesis_hide_title":false,"_genesis_hide_breadcrumbs":false,"_genesis_hide_singular_image":false,"_genesis_hide_footer_widgets":false,"_genesis_custom_body_class":"","_genesis_custom_post_class":"","_genesis_layout":""},"_links":{"self":[{"href":"http:\/\/www.buntes-puppenkarussell.at\/index.php?rest_route=\/wp\/v2\/pages\/330"}],"collection":[{"href":"http:\/\/www.buntes-puppenkarussell.at\/index.php?rest_route=\/wp\/v2\/pages"}],"about":[{"href":"http:\/\/www.buntes-puppenkarussell.at\/index.php?rest_route=\/wp\/v2\/types\/page"}],"author":[{"embeddable":true,"href":"http:\/\/www.buntes-puppenkarussell.at\/index.php?rest_route=\/wp\/v2\/users\/1"}],"replies":[{"embeddable":true,"href":"http:\/\/www.buntes-puppenkarussell.at\/index.php?rest_route=%2Fwp%2Fv2%2Fcomments&post=330"}],"version-history":[{"count":7,"href":"http:\/\/www.buntes-puppenkarussell.at\/index.php?rest_route=\/wp\/v2\/pages\/330\/revisions"}],"predecessor-version":[{"id":743,"href":"http:\/\/www.buntes-puppenkarussell.at\/index.php?rest_route=\/wp\/v2\/pages\/330\/revisions\/743"}],"up":[{"embeddable":true,"href":"http:\/\/www.buntes-puppenkarussell.at\/index.php?rest_route=\/wp\/v2\/pages\/219"}],"wp:attachment":[{"href":"http:\/\/www.buntes-puppenkarussell.at\/index.php?rest_route=%2Fwp%2Fv2%2Fmedia&parent=330"}],"curies":[{"name":"wp","href":"https:\/\/api.w.org\/{rel}","templated":true}]}}